{"id":1655,"date":"2022-04-05T16:13:41","date_gmt":"2022-04-05T15:13:41","guid":{"rendered":"https:\/\/pre.f-impuls.org\/politica-de-cookies\/"},"modified":"2022-04-28T14:28:27","modified_gmt":"2022-04-28T13:28:27","slug":"politica-de-cookies","status":"publish","type":"page","link":"https:\/\/fundacioimpuls.org\/es\/politica-de-cookies\/","title":{"rendered":"Pol\u00edtica de Cookies"},"content":{"rendered":"\n<p>    1. \u00bfQU\u00c9 ES UNA COOKIE? \u00bfPARA QU\u00c9 SIRVEN?<\/p>\n\n<p>Las cookies son archivos de texto que se bajan en el equipo terminal del usuario (ordenador, tablet, tel\u00e9fono m\u00f3vil\u2026) y que se guardan en la memoria del navegador. Con la navegaci\u00f3n por la web de la Fundaci\u00f3n Privada Impuls preste el consentimiento a recibir estas cookies.<\/p>\n\n<p>Las cookies son necesarias para facilitar la navegaci\u00f3n y hacerla m\u00e1s \u00e1gil. Las cookies nos ayudan a identificarte y recordar las preferencias durante la navegaci\u00f3n.<\/p>\n\n<p>Aunque en esta pol\u00edtica se utiliza el t\u00e9rmino general de cookies por ser el principal m\u00e9todo de almacenamiento de informaci\u00f3n que utiliza nuestro sitio web, tambi\u00e9n se utiliza el espacio \u201cAlmacenamiento local\u201d del navegador para la misma finalidad de que las cookies. Por tanto, toda la informaci\u00f3n incluida en esta secci\u00f3n es aplicable igualmente a este \u201cAlmacenamiento local\u201d.<\/p>\n\n<p>No almacenamos informaci\u00f3n sensible de identificaci\u00f3n personal, como su direcci\u00f3n, y no utilizamos las cookies para fines comerciales.<\/p>\n\n<p>    2. \u00bfQUI\u00c9N UTILIZA LA INFORMACI\u00d3N ALMACENAMIENTO EN LAS COOKIES?<\/p>\n\n<p>La informaci\u00f3n almacenada en las cookies de nuestro sitio s\u00f3lo la utilizamos nosotros (excepto las de Google Analytics, que las utiliza y gestiona Google y nosotros para fines estad\u00edsticos).<\/p>\n\n<p>    3. \u00bfPUEDO DESHABILITAR LAS COOKIES?<\/p>\n\n<p>Puede desactivar las cookies, pero tenga en cuenta que si las desactiva puede que no pueda acceder a determinadas partes de nuestro sitio web o que la navegaci\u00f3n sea menos eficiente. Para obtener m\u00e1s informaci\u00f3n sobre la configuraci\u00f3n de las cookies en el navegador, consulte el men\u00fa \u201cAyuda\u201d de su ordenador.<\/p>\n\n<p>  4. \u00bfQU\u00c9 COOKIES UTILIZA LA FUNDACI\u00d3N PRIVADA IMPULSO?<\/p>\n\n<p><strong>Cookies de sesi\u00f3n<\/strong><\/p>\n\n<p>Son cookies temporales que se quedan en el archivo de cookies de su navegador hasta que abandone la p\u00e1gina web, por lo que no queda registrada en el disco duro del usuario. La informaci\u00f3n obtenida por medio de estas cookies, sirve para analizar pautas de tr\u00e1fico en la web. A la larga, esto nos permite proporcionar una mejor experiencia para mejorar el contenido de la Web y facilitar su uso.&#13;\n&#13;\n<\/p>\n\n<p><strong>Cookies permanentes<\/strong><\/p>\n\n<p>Son almacenadas en el disco duro y la web las detecta cada vez que el usuario realiza una nueva visita. Una web permanente posee una fecha de expiraci\u00f3n determinada. La cookie dejar\u00e1 de funcionar despu\u00e9s de esa fecha. Se utilizan generalmente para facilitar, por ejemplo, los servicios de registro.<\/p>\n\n<p><strong>Cookies t\u00e9cnicas<\/strong><\/p>\n\n<p>Las cookies t\u00e9cnicas son aquellas imprescindibles y estrictamente necesarias para el correcto funcionamiento de un portal Web y la utilizaci\u00f3n de las distintas opciones y servicios que ofrece. Por ejemplo, las que sirven para el mantenimiento de la sesi\u00f3n, gesti\u00f3n del tiempo de respuesta, rendimiento o validaci\u00f3n de opciones, utilizar elementos de seguridad, compartir contenido con redes sociales, etc.<\/p>\n\n<p><strong>Cookies de personalizaci\u00f3n<\/strong><\/p>\n\n<p>Estas cookies permiten al usuario especificar o personalizar algunas caracter\u00edsticas de las opciones generales de la p\u00e1gina Web. Por ejemplo, definir el idioma, configuraci\u00f3n regional o tipos de navegador.<\/p>\n\n<p><strong>Cookies anal\u00edticas<\/strong><\/p>\n\n<p>Las cookies anal\u00edticas son las utilizadas por nuestros portales Web, para elaborar el an\u00e1lisis del comportamiento de los usuarios en los sitios web y perfiles de navegaci\u00f3n, as\u00ed como conocer las preferencias de los usuarios con el fin de mejorar la oferta de productos y servicios. Por ejemplo, mediante una cookie anal\u00edtica se controlar\u00edan las \u00e1reas geogr\u00e1ficas de mayor inter\u00e9s de un usuario, cu\u00e1l es el producto de mayor aceptaci\u00f3n, etc.<\/p>\n\n<p><strong>Cookies publicitarias<\/strong><\/p>\n\n<p>Son aqu\u00e9llas que permiten la gesti\u00f3n eficaz de los espacios publicitarios que se han incluido en la p\u00e1gina web o aplicaci\u00f3n desde la que se presta el servicio. Permiten adecuar el contenido de la publicidad para que \u00e9sta sea relevante para el usuario y para evitar mostrar anuncios que el usuario haya visto.<\/p>\n\n<p><strong>Cookies de redes sociales<\/strong><\/p>\n\n<p>Para facilitar que el usuario pueda compartir contenidos de la p\u00e1gina web en distintas redes sociales, se han incluido botones espec\u00edficos. Estos botones pueden suponer que la red social a la que enlacen instalen cookies que, no estando bajo el control de la Fundaci\u00f3n Privada Impuls, pueden tener la finalidad de gestionar el inicio de sesi\u00f3n del usuario en la red social, mantenimiento de esta sesi\u00f3n, o mostrar el contador sobre cu\u00e1ntas veces se ha compartido un determinado contenido en cada red social. Recomendamos a los usuarios que revisen regularmente las pol\u00edticas de privacidad y cookies de cada red social y, en su caso, modifiquen los par\u00e1metros de privacidad de cada una de ellas para limitar las finalidades de rastreo que puedan llevar a cabo y ajustar estos par\u00e1metros a sus propios intereses.<\/p>\n\n<p>Es posible que, al visitar una p\u00e1gina Web se publique un anuncio o promoci\u00f3n sobre nuestros servicios, se instale en el navegador alguna Cookie que nos sirve para desarrollar un control de nuestros anuncios en relaci\u00f3n, por ejemplo, con el n\u00famero a veces que son vistos, d\u00f3nde aparecen, a qu\u00e9 hora se ven, etc.<\/p>\n\n<p>Puede ocurrir que algunas Cookies utilizadas en esta Web no est\u00e9n relacionadas con la Fundaci\u00f3n Privada Impuls. Esto se debe a que algunas p\u00e1ginas de la Web tienen insertado contenido procedente de Webs de terceras partes. Debido a que el referido contenido procede de otra Web, la Fundaci\u00f3n Privada Impuls, no controla la configuraci\u00f3n de estas Cookies. Si Usted quiere cambiar sus preferencias de configuraci\u00f3n de Cookies, tendr\u00e1 que consultar los sitios web de estas terceras partes para obtener informaci\u00f3n.<\/p>\n\n<p><strong>Cookies Anal\u00edticas<\/strong><\/p>\n\n<p>Google Analytics (Google)<\/p>\n\n<p>http:\/\/www.google.com\/analytics\/<\/p>\n\n<p><strong>Cookies Redes Sociales<\/strong><\/p>\n\n<p>Twitter<\/p>\n\n<figure class=\"wp-block-embed\">\r\n<div class=\"wp-block-embed__wrapper\">https:\/\/support.twitter.com\/articles\/20170521-el-uso-que-fa-twitter-de-cookies-i-tecnologies-similars<\/div><\/figure>\n\n<p>Google Plus<\/p>\n\n<figure class=\"wp-block-embed\">\r\n<div class=\"wp-block-embed__wrapper\">https:\/\/www.google.es\/intl\/es\/policies\/technologies\/types\/<\/div><\/figure>\n\n<p>Youtube<\/p>\n\n<p><blockquote class=\"wp-embedded-content\" data-secret=\"rP4ZTw0iFk\"><a href=\"https:\/\/www.canalyoutube.es\/politica-de-cookies\/\">Pol\u00edtica de cookies<\/a><\/blockquote><iframe class=\"wp-embedded-content\" sandbox=\"allow-scripts\" security=\"restricted\" style=\"position: absolute; clip: rect(1px, 1px, 1px, 1px);\" title=\"\u00abPol\u00edtica de cookies\u00bb \u2014 C\u00f3mo ser youtuber\" src=\"https:\/\/www.canalyoutube.es\/politica-de-cookies\/embed\/#?secret=fJTBgv715d#?secret=rP4ZTw0iFk\" data-secret=\"rP4ZTw0iFk\" width=\"600\" height=\"338\" frameborder=\"0\" marginwidth=\"0\" marginheight=\"0\" scrolling=\"no\"><\/iframe><\/p>\n\n<p>    5. \u00bfY SI NO QUIERO TENER ESTAS COOKIES O NO HAGO NADA SOBRE ESTE TEMA?<\/p>\n\n<p>Para cumplir con la legislaci\u00f3n vigente, debemos pedir su permiso para gestionar cookies. Si decide no autorizar el tratamiento indic\u00e1ndonos su no conformidad, s\u00f3lo usar\u00edamos las cookies t\u00e9cnicas, puesto que son imprescindibles para la navegaci\u00f3n por nuestra Web. En ese caso, no almacenar\u00edamos ninguna cookie. En caso de seguir navegando por nuestro sitio web sin denegar su autorizaci\u00f3n implica que acepta su uso.<\/p>\n\n<p>Tenga en cuenta que si rechaza o borra las cookies de navegaci\u00f3n por la Web, no podremos mantener sus preferencias, algunas caracter\u00edsticas de las p\u00e1ginas no estar\u00e1n operativas, no podremos ofrecerle servicios personalizados y cada vez que vaya a navegar deberemos sol licitarle de nuevo su autorizaci\u00f3n para el uso de cookies.<\/p>\n\n<p>Si a\u00fan as\u00ed, decide modificar la configuraci\u00f3n de su acceso a la p\u00e1gina Web, debe saber que es posible eliminar las cookies o impedir que se registre esta informaci\u00f3n en su equipo mediante la modificaci\u00f3n de los par\u00e1metros de configuraci\u00f3n de su navegador.<\/p>\n\n<p>Adem\u00e1s, puede retirar en cualquier momento el consentimiento relacionado con la presente Pol\u00edtica de Cookies, eliminando las cookies almacenadas en su equipo a trav\u00e9s de los ajustes y configuraciones de su navegador de Internet.<\/p>\n\n<p><strong>Chrome<\/strong><\/p>\n\n<p>http:\/\/support.google.com\/chrome\/bin\/answer.py?hl=es&#038;answer=95647<\/p>\n\n<p><strong>Explorador<\/strong><\/p>\n\n<p>http:\/\/windows.microsoft.com\/es-es\/windows7\/how-to-manage-Cookies-in-internet-explorer-9<\/p>\n\n<p><strong>Firefox<\/strong><\/p>\n\n<p>http:\/\/support.mozilla.org\/es\/kb\/habilitar-y-deshabilitar-Cookies-que-los-sitios-we<\/p>\n\n<p><strong>Safari<\/strong><\/p>\n\n<p>http:\/\/support.apple.com\/kb\/ph5042<\/p>\n","protected":false},"excerpt":{"rendered":"<p>1. \u00bfQU\u00c9 ES UNA COOKIE? \u00bfPARA QU\u00c9 SIRVEN? Las cookies son archivos de texto que se bajan en el equipo terminal del usuario (ordenador, tablet, tel\u00e9fono m\u00f3vil\u2026) y que se guardan en la memoria del navegador. Con la navegaci\u00f3n por la web de la Fundaci\u00f3n Privada Impuls preste el consentimiento a recibir estas cookies. Las [&hellip;]<\/p>\n","protected":false},"author":1,"featured_media":0,"parent":0,"menu_order":0,"comment_status":"closed","ping_status":"closed","template":"","meta":[],"yoast_head":"<!-- This site is optimized with the Yoast SEO plugin v20.9 - https:\/\/yoast.com\/wordpress\/plugins\/seo\/ -->\n<title>Pol\u00edtica de Cookies - Fundaci\u00f3 Impuls<\/title>\n<meta name=\"robots\" content=\"index, follow, max-snippet:-1, max-image-preview:large, max-video-preview:-1\" \/>\n<link rel=\"canonical\" href=\"https:\/\/fundacioimpuls.org\/es\/politica-de-cookies\/\" \/>\n<meta property=\"og:locale\" content=\"es_ES\" \/>\n<meta property=\"og:type\" content=\"article\" \/>\n<meta property=\"og:title\" content=\"Pol\u00edtica de Cookies - Fundaci\u00f3 Impuls\" \/>\n<meta property=\"og:description\" content=\"1. \u00bfQU\u00c9 ES UNA COOKIE? \u00bfPARA QU\u00c9 SIRVEN? Las cookies son archivos de texto que se bajan en el equipo terminal del usuario (ordenador, tablet, tel\u00e9fono m\u00f3vil\u2026) y que se guardan en la memoria del navegador. Con la navegaci\u00f3n por la web de la Fundaci\u00f3n Privada Impuls preste el consentimiento a recibir estas cookies. Las [&hellip;]\" \/>\n<meta property=\"og:url\" content=\"https:\/\/fundacioimpuls.org\/es\/politica-de-cookies\/\" \/>\n<meta property=\"og:site_name\" content=\"Fundaci\u00f3 Impuls\" \/>\n<meta property=\"article:modified_time\" content=\"2022-04-28T13:28:27+00:00\" \/>\n<meta name=\"twitter:card\" content=\"summary_large_image\" \/>\n<meta name=\"twitter:label1\" content=\"Tiempo de lectura\" \/>\n\t<meta name=\"twitter:data1\" content=\"6 minutos\" \/>\n<script type=\"application\/ld+json\" class=\"yoast-schema-graph\">{\"@context\":\"https:\/\/schema.org\",\"@graph\":[{\"@type\":\"WebPage\",\"@id\":\"https:\/\/fundacioimpuls.org\/es\/politica-de-cookies\/\",\"url\":\"https:\/\/fundacioimpuls.org\/es\/politica-de-cookies\/\",\"name\":\"Pol\u00edtica de Cookies - Fundaci\u00f3 Impuls\",\"isPartOf\":{\"@id\":\"https:\/\/fundacioimpuls.org\/#website\"},\"datePublished\":\"2022-04-05T15:13:41+00:00\",\"dateModified\":\"2022-04-28T13:28:27+00:00\",\"breadcrumb\":{\"@id\":\"https:\/\/fundacioimpuls.org\/es\/politica-de-cookies\/#breadcrumb\"},\"inLanguage\":\"es\",\"potentialAction\":[{\"@type\":\"ReadAction\",\"target\":[\"https:\/\/fundacioimpuls.org\/es\/politica-de-cookies\/\"]}]},{\"@type\":\"BreadcrumbList\",\"@id\":\"https:\/\/fundacioimpuls.org\/es\/politica-de-cookies\/#breadcrumb\",\"itemListElement\":[{\"@type\":\"ListItem\",\"position\":1,\"name\":\"Inici\",\"item\":\"https:\/\/fundacioimpuls.org\/es\/\"},{\"@type\":\"ListItem\",\"position\":2,\"name\":\"Pol\u00edtica de Cookies\"}]},{\"@type\":\"WebSite\",\"@id\":\"https:\/\/fundacioimpuls.org\/#website\",\"url\":\"https:\/\/fundacioimpuls.org\/\",\"name\":\"Fundaci\u00f3 Impuls\",\"description\":\"Impuls quiere contribuir a la mejora de la sociedad a trav\u00e9s de la investigaci\u00f3n en materia educativa, el reconocimiento al papel del profesorado y la cooperaci\u00f3n internacional con proyectos educativos en pa\u00edses en v\u00edas de desarrollo.\",\"publisher\":{\"@id\":\"https:\/\/fundacioimpuls.org\/#organization\"},\"potentialAction\":[{\"@type\":\"SearchAction\",\"target\":{\"@type\":\"EntryPoint\",\"urlTemplate\":\"https:\/\/fundacioimpuls.org\/?s={search_term_string}\"},\"query-input\":\"required name=search_term_string\"}],\"inLanguage\":\"es\"},{\"@type\":\"Organization\",\"@id\":\"https:\/\/fundacioimpuls.org\/#organization\",\"name\":\"Fundaci\u00f3 Impuls\",\"url\":\"https:\/\/fundacioimpuls.org\/\",\"logo\":{\"@type\":\"ImageObject\",\"inLanguage\":\"es\",\"@id\":\"https:\/\/fundacioimpuls.org\/#\/schema\/logo\/image\/\",\"url\":\"https:\/\/fundacioimpuls.org\/wp-content\/uploads\/2022\/05\/logo-impuls-1.jpg\",\"contentUrl\":\"https:\/\/fundacioimpuls.org\/wp-content\/uploads\/2022\/05\/logo-impuls-1.jpg\",\"width\":2012,\"height\":780,\"caption\":\"Fundaci\u00f3 Impuls\"},\"image\":{\"@id\":\"https:\/\/fundacioimpuls.org\/#\/schema\/logo\/image\/\"}}]}<\/script>\n<!-- \/ Yoast SEO plugin. -->","yoast_head_json":{"title":"Pol\u00edtica de Cookies - Fundaci\u00f3 Impuls","robots":{"index":"index","follow":"follow","max-snippet":"max-snippet:-1","max-image-preview":"max-image-preview:large","max-video-preview":"max-video-preview:-1"},"canonical":"https:\/\/fundacioimpuls.org\/es\/politica-de-cookies\/","og_locale":"es_ES","og_type":"article","og_title":"Pol\u00edtica de Cookies - Fundaci\u00f3 Impuls","og_description":"1. \u00bfQU\u00c9 ES UNA COOKIE? \u00bfPARA QU\u00c9 SIRVEN? Las cookies son archivos de texto que se bajan en el equipo terminal del usuario (ordenador, tablet, tel\u00e9fono m\u00f3vil\u2026) y que se guardan en la memoria del navegador. Con la navegaci\u00f3n por la web de la Fundaci\u00f3n Privada Impuls preste el consentimiento a recibir estas cookies. Las [&hellip;]","og_url":"https:\/\/fundacioimpuls.org\/es\/politica-de-cookies\/","og_site_name":"Fundaci\u00f3 Impuls","article_modified_time":"2022-04-28T13:28:27+00:00","twitter_card":"summary_large_image","twitter_misc":{"Tiempo de lectura":"6 minutos"},"schema":{"@context":"https:\/\/schema.org","@graph":[{"@type":"WebPage","@id":"https:\/\/fundacioimpuls.org\/es\/politica-de-cookies\/","url":"https:\/\/fundacioimpuls.org\/es\/politica-de-cookies\/","name":"Pol\u00edtica de Cookies - Fundaci\u00f3 Impuls","isPartOf":{"@id":"https:\/\/fundacioimpuls.org\/#website"},"datePublished":"2022-04-05T15:13:41+00:00","dateModified":"2022-04-28T13:28:27+00:00","breadcrumb":{"@id":"https:\/\/fundacioimpuls.org\/es\/politica-de-cookies\/#breadcrumb"},"inLanguage":"es","potentialAction":[{"@type":"ReadAction","target":["https:\/\/fundacioimpuls.org\/es\/politica-de-cookies\/"]}]},{"@type":"BreadcrumbList","@id":"https:\/\/fundacioimpuls.org\/es\/politica-de-cookies\/#breadcrumb","itemListElement":[{"@type":"ListItem","position":1,"name":"Inici","item":"https:\/\/fundacioimpuls.org\/es\/"},{"@type":"ListItem","position":2,"name":"Pol\u00edtica de Cookies"}]},{"@type":"WebSite","@id":"https:\/\/fundacioimpuls.org\/#website","url":"https:\/\/fundacioimpuls.org\/","name":"Fundaci\u00f3 Impuls","description":"Impuls quiere contribuir a la mejora de la sociedad a trav\u00e9s de la investigaci\u00f3n en materia educativa, el reconocimiento al papel del profesorado y la cooperaci\u00f3n internacional con proyectos educativos en pa\u00edses en v\u00edas de desarrollo.","publisher":{"@id":"https:\/\/fundacioimpuls.org\/#organization"},"potentialAction":[{"@type":"SearchAction","target":{"@type":"EntryPoint","urlTemplate":"https:\/\/fundacioimpuls.org\/?s={search_term_string}"},"query-input":"required name=search_term_string"}],"inLanguage":"es"},{"@type":"Organization","@id":"https:\/\/fundacioimpuls.org\/#organization","name":"Fundaci\u00f3 Impuls","url":"https:\/\/fundacioimpuls.org\/","logo":{"@type":"ImageObject","inLanguage":"es","@id":"https:\/\/fundacioimpuls.org\/#\/schema\/logo\/image\/","url":"https:\/\/fundacioimpuls.org\/wp-content\/uploads\/2022\/05\/logo-impuls-1.jpg","contentUrl":"https:\/\/fundacioimpuls.org\/wp-content\/uploads\/2022\/05\/logo-impuls-1.jpg","width":2012,"height":780,"caption":"Fundaci\u00f3 Impuls"},"image":{"@id":"https:\/\/fundacioimpuls.org\/#\/schema\/logo\/image\/"}}]}},"_links":{"self":[{"href":"https:\/\/fundacioimpuls.org\/es\/wp-json\/wp\/v2\/pages\/1655"}],"collection":[{"href":"https:\/\/fundacioimpuls.org\/es\/wp-json\/wp\/v2\/pages"}],"about":[{"href":"https:\/\/fundacioimpuls.org\/es\/wp-json\/wp\/v2\/types\/page"}],"author":[{"embeddable":true,"href":"https:\/\/fundacioimpuls.org\/es\/wp-json\/wp\/v2\/users\/1"}],"replies":[{"embeddable":true,"href":"https:\/\/fundacioimpuls.org\/es\/wp-json\/wp\/v2\/comments?post=1655"}],"version-history":[{"count":2,"href":"https:\/\/fundacioimpuls.org\/es\/wp-json\/wp\/v2\/pages\/1655\/revisions"}],"predecessor-version":[{"id":2374,"href":"https:\/\/fundacioimpuls.org\/es\/wp-json\/wp\/v2\/pages\/1655\/revisions\/2374"}],"wp:attachment":[{"href":"https:\/\/fundacioimpuls.org\/es\/wp-json\/wp\/v2\/media?parent=1655"}],"curies":[{"name":"wp","href":"https:\/\/api.w.org\/{rel}","templated":true}]}}