{"id":2377,"date":"2022-04-28T14:33:37","date_gmt":"2022-04-28T13:33:37","guid":{"rendered":"https:\/\/fundacioimpuls.org\/aviso-legal\/"},"modified":"2022-12-12T10:13:49","modified_gmt":"2022-12-12T09:13:49","slug":"aviso-legal","status":"publish","type":"page","link":"https:\/\/fundacioimpuls.org\/es\/aviso-legal\/","title":{"rendered":"Aviso legal"},"content":{"rendered":"\n<p><\/p>\n\n\n\n<p>En cumplimiento del deber de informaci\u00f3n recogido en el art\u00edculo 10 de la Ley 34\/2002, de 11 de julio, de Servicios de la Sociedad de la Informaci\u00f3n y del Comercio Electr\u00f3nico, se indica lo siguiente:<\/p>\n\n\n\n<p>La empresa titular del dominio web www.fundacioimpuls.org es FUNDACI\u00d3N PRIVADA IMPULS con NIF G63658744, inscrita en el Registro de Fundaciones de la Generalitat de Catalunya con n\u00famero 2091 y domicilio en el Carrer Muntaner, 426. Principal 1a. Barcelona (08006).<\/p>\n","protected":false},"excerpt":{"rendered":"<p>En cumplimiento del deber de informaci\u00f3n recogido en el art\u00edculo 10 de la Ley 34\/2002, de 11 de julio, de Servicios de la Sociedad de la Informaci\u00f3n y del Comercio Electr\u00f3nico, se indica lo siguiente: La empresa titular del dominio web www.fundacioimpuls.org es FUNDACI\u00d3N PRIVADA IMPULS con NIF G63658744, inscrita en el Registro de Fundaciones [&hellip;]<\/p>\n","protected":false},"author":4,"featured_media":0,"parent":0,"menu_order":0,"comment_status":"closed","ping_status":"closed","template":"","meta":[],"yoast_head":"<!-- This site is optimized with the Yoast SEO plugin v20.9 - https:\/\/yoast.com\/wordpress\/plugins\/seo\/ -->\n<title>Aviso legal - Fundaci\u00f3 Impuls<\/title>\n<meta name=\"robots\" content=\"index, follow, max-snippet:-1, max-image-preview:large, max-video-preview:-1\" \/>\n<link rel=\"canonical\" href=\"https:\/\/fundacioimpuls.org\/es\/aviso-legal\/\" \/>\n<meta property=\"og:locale\" content=\"es_ES\" \/>\n<meta property=\"og:type\" content=\"article\" \/>\n<meta property=\"og:title\" content=\"Aviso legal - Fundaci\u00f3 Impuls\" \/>\n<meta property=\"og:description\" content=\"En cumplimiento del deber de informaci\u00f3n recogido en el art\u00edculo 10 de la Ley 34\/2002, de 11 de julio, de Servicios de la Sociedad de la Informaci\u00f3n y del Comercio Electr\u00f3nico, se indica lo siguiente: La empresa titular del dominio web www.fundacioimpuls.org es FUNDACI\u00d3N PRIVADA IMPULS con NIF G63658744, inscrita en el Registro de Fundaciones [&hellip;]\" \/>\n<meta property=\"og:url\" content=\"https:\/\/fundacioimpuls.org\/es\/aviso-legal\/\" \/>\n<meta property=\"og:site_name\" content=\"Fundaci\u00f3 Impuls\" \/>\n<meta property=\"article:modified_time\" content=\"2022-12-12T09:13:49+00:00\" \/>\n<meta name=\"twitter:card\" content=\"summary_large_image\" \/>\n<meta name=\"twitter:label1\" content=\"Tiempo de lectura\" \/>\n\t<meta name=\"twitter:data1\" content=\"1 minuto\" \/>\n<script type=\"application\/ld+json\" class=\"yoast-schema-graph\">{\"@context\":\"https:\/\/schema.org\",\"@graph\":[{\"@type\":\"WebPage\",\"@id\":\"https:\/\/fundacioimpuls.org\/es\/aviso-legal\/\",\"url\":\"https:\/\/fundacioimpuls.org\/es\/aviso-legal\/\",\"name\":\"Aviso legal - Fundaci\u00f3 Impuls\",\"isPartOf\":{\"@id\":\"https:\/\/fundacioimpuls.org\/#website\"},\"datePublished\":\"2022-04-28T13:33:37+00:00\",\"dateModified\":\"2022-12-12T09:13:49+00:00\",\"breadcrumb\":{\"@id\":\"https:\/\/fundacioimpuls.org\/es\/aviso-legal\/#breadcrumb\"},\"inLanguage\":\"es\",\"potentialAction\":[{\"@type\":\"ReadAction\",\"target\":[\"https:\/\/fundacioimpuls.org\/es\/aviso-legal\/\"]}]},{\"@type\":\"BreadcrumbList\",\"@id\":\"https:\/\/fundacioimpuls.org\/es\/aviso-legal\/#breadcrumb\",\"itemListElement\":[{\"@type\":\"ListItem\",\"position\":1,\"name\":\"Inici\",\"item\":\"https:\/\/fundacioimpuls.org\/es\/\"},{\"@type\":\"ListItem\",\"position\":2,\"name\":\"Aviso legal\"}]},{\"@type\":\"WebSite\",\"@id\":\"https:\/\/fundacioimpuls.org\/#website\",\"url\":\"https:\/\/fundacioimpuls.org\/\",\"name\":\"Fundaci\u00f3 Impuls\",\"description\":\"Impuls quiere contribuir a la mejora de la sociedad a trav\u00e9s de la investigaci\u00f3n en materia educativa, el reconocimiento al papel del profesorado y la cooperaci\u00f3n internacional con proyectos educativos en pa\u00edses en v\u00edas de desarrollo.\",\"publisher\":{\"@id\":\"https:\/\/fundacioimpuls.org\/#organization\"},\"potentialAction\":[{\"@type\":\"SearchAction\",\"target\":{\"@type\":\"EntryPoint\",\"urlTemplate\":\"https:\/\/fundacioimpuls.org\/?s={search_term_string}\"},\"query-input\":\"required name=search_term_string\"}],\"inLanguage\":\"es\"},{\"@type\":\"Organization\",\"@id\":\"https:\/\/fundacioimpuls.org\/#organization\",\"name\":\"Fundaci\u00f3 Impuls\",\"url\":\"https:\/\/fundacioimpuls.org\/\",\"logo\":{\"@type\":\"ImageObject\",\"inLanguage\":\"es\",\"@id\":\"https:\/\/fundacioimpuls.org\/#\/schema\/logo\/image\/\",\"url\":\"https:\/\/fundacioimpuls.org\/wp-content\/uploads\/2022\/05\/logo-impuls-1.jpg\",\"contentUrl\":\"https:\/\/fundacioimpuls.org\/wp-content\/uploads\/2022\/05\/logo-impuls-1.jpg\",\"width\":2012,\"height\":780,\"caption\":\"Fundaci\u00f3 Impuls\"},\"image\":{\"@id\":\"https:\/\/fundacioimpuls.org\/#\/schema\/logo\/image\/\"}}]}<\/script>\n<!-- \/ Yoast SEO plugin. -->","yoast_head_json":{"title":"Aviso legal - Fundaci\u00f3 Impuls","robots":{"index":"index","follow":"follow","max-snippet":"max-snippet:-1","max-image-preview":"max-image-preview:large","max-video-preview":"max-video-preview:-1"},"canonical":"https:\/\/fundacioimpuls.org\/es\/aviso-legal\/","og_locale":"es_ES","og_type":"article","og_title":"Aviso legal - Fundaci\u00f3 Impuls","og_description":"En cumplimiento del deber de informaci\u00f3n recogido en el art\u00edculo 10 de la Ley 34\/2002, de 11 de julio, de Servicios de la Sociedad de la Informaci\u00f3n y del Comercio Electr\u00f3nico, se indica lo siguiente: La empresa titular del dominio web www.fundacioimpuls.org es FUNDACI\u00d3N PRIVADA IMPULS con NIF G63658744, inscrita en el Registro de Fundaciones [&hellip;]","og_url":"https:\/\/fundacioimpuls.org\/es\/aviso-legal\/","og_site_name":"Fundaci\u00f3 Impuls","article_modified_time":"2022-12-12T09:13:49+00:00","twitter_card":"summary_large_image","twitter_misc":{"Tiempo de lectura":"1 minuto"},"schema":{"@context":"https:\/\/schema.org","@graph":[{"@type":"WebPage","@id":"https:\/\/fundacioimpuls.org\/es\/aviso-legal\/","url":"https:\/\/fundacioimpuls.org\/es\/aviso-legal\/","name":"Aviso legal - Fundaci\u00f3 Impuls","isPartOf":{"@id":"https:\/\/fundacioimpuls.org\/#website"},"datePublished":"2022-04-28T13:33:37+00:00","dateModified":"2022-12-12T09:13:49+00:00","breadcrumb":{"@id":"https:\/\/fundacioimpuls.org\/es\/aviso-legal\/#breadcrumb"},"inLanguage":"es","potentialAction":[{"@type":"ReadAction","target":["https:\/\/fundacioimpuls.org\/es\/aviso-legal\/"]}]},{"@type":"BreadcrumbList","@id":"https:\/\/fundacioimpuls.org\/es\/aviso-legal\/#breadcrumb","itemListElement":[{"@type":"ListItem","position":1,"name":"Inici","item":"https:\/\/fundacioimpuls.org\/es\/"},{"@type":"ListItem","position":2,"name":"Aviso legal"}]},{"@type":"WebSite","@id":"https:\/\/fundacioimpuls.org\/#website","url":"https:\/\/fundacioimpuls.org\/","name":"Fundaci\u00f3 Impuls","description":"Impuls quiere contribuir a la mejora de la sociedad a trav\u00e9s de la investigaci\u00f3n en materia educativa, el reconocimiento al papel del profesorado y la cooperaci\u00f3n internacional con proyectos educativos en pa\u00edses en v\u00edas de desarrollo.","publisher":{"@id":"https:\/\/fundacioimpuls.org\/#organization"},"potentialAction":[{"@type":"SearchAction","target":{"@type":"EntryPoint","urlTemplate":"https:\/\/fundacioimpuls.org\/?s={search_term_string}"},"query-input":"required name=search_term_string"}],"inLanguage":"es"},{"@type":"Organization","@id":"https:\/\/fundacioimpuls.org\/#organization","name":"Fundaci\u00f3 Impuls","url":"https:\/\/fundacioimpuls.org\/","logo":{"@type":"ImageObject","inLanguage":"es","@id":"https:\/\/fundacioimpuls.org\/#\/schema\/logo\/image\/","url":"https:\/\/fundacioimpuls.org\/wp-content\/uploads\/2022\/05\/logo-impuls-1.jpg","contentUrl":"https:\/\/fundacioimpuls.org\/wp-content\/uploads\/2022\/05\/logo-impuls-1.jpg","width":2012,"height":780,"caption":"Fundaci\u00f3 Impuls"},"image":{"@id":"https:\/\/fundacioimpuls.org\/#\/schema\/logo\/image\/"}}]}},"_links":{"self":[{"href":"https:\/\/fundacioimpuls.org\/es\/wp-json\/wp\/v2\/pages\/2377"}],"collection":[{"href":"https:\/\/fundacioimpuls.org\/es\/wp-json\/wp\/v2\/pages"}],"about":[{"href":"https:\/\/fundacioimpuls.org\/es\/wp-json\/wp\/v2\/types\/page"}],"author":[{"embeddable":true,"href":"https:\/\/fundacioimpuls.org\/es\/wp-json\/wp\/v2\/users\/4"}],"replies":[{"embeddable":true,"href":"https:\/\/fundacioimpuls.org\/es\/wp-json\/wp\/v2\/comments?post=2377"}],"version-history":[{"count":3,"href":"https:\/\/fundacioimpuls.org\/es\/wp-json\/wp\/v2\/pages\/2377\/revisions"}],"predecessor-version":[{"id":2498,"href":"https:\/\/fundacioimpuls.org\/es\/wp-json\/wp\/v2\/pages\/2377\/revisions\/2498"}],"wp:attachment":[{"href":"https:\/\/fundacioimpuls.org\/es\/wp-json\/wp\/v2\/media?parent=2377"}],"curies":[{"name":"wp","href":"https:\/\/api.w.org\/{rel}","templated":true}]}}