{"id":2568,"date":"2023-03-17T15:58:38","date_gmt":"2023-03-17T14:58:38","guid":{"rendered":"https:\/\/fundacioimpuls.org\/solicitud-de-ayuda-al-estudio-tarragona\/"},"modified":"2024-04-25T10:24:04","modified_gmt":"2024-04-25T09:24:04","slug":"solicitud-de-ayuda-al-estudio-tarragona","status":"publish","type":"page","link":"https:\/\/fundacioimpuls.org\/es\/solicitud-de-ayuda-al-estudio-tarragona\/","title":{"rendered":"Solicitud de ayuda al estudio &#8211; Tarragona"},"content":{"rendered":"<h1>Solicitud de ayuda al estudio<\/h1>\n\n","protected":false},"excerpt":{"rendered":"<p>Solicitud de ayuda al estudio<\/p>\n","protected":false},"author":3,"featured_media":0,"parent":0,"menu_order":0,"comment_status":"closed","ping_status":"closed","template":"","meta":[],"yoast_head":"<!-- This site is optimized with the Yoast SEO plugin v20.9 - https:\/\/yoast.com\/wordpress\/plugins\/seo\/ -->\n<title>Solicitud de ayuda al estudio - Tarragona - Fundaci\u00f3 Impuls<\/title>\n<meta name=\"robots\" content=\"noindex, nofollow\" \/>\n<meta property=\"og:locale\" content=\"es_ES\" \/>\n<meta property=\"og:type\" content=\"article\" \/>\n<meta property=\"og:title\" content=\"Solicitud de ayuda al estudio - Tarragona - Fundaci\u00f3 Impuls\" \/>\n<meta property=\"og:description\" content=\"Solicitud de ayuda al estudio\" \/>\n<meta property=\"og:url\" content=\"https:\/\/fundacioimpuls.org\/es\/solicitud-de-ayuda-al-estudio-tarragona\/\" \/>\n<meta property=\"og:site_name\" content=\"Fundaci\u00f3 Impuls\" \/>\n<meta property=\"article:modified_time\" content=\"2024-04-25T09:24:04+00:00\" \/>\n<meta name=\"twitter:card\" content=\"summary_large_image\" \/>\n<meta name=\"twitter:label1\" content=\"Tiempo de lectura\" \/>\n\t<meta name=\"twitter:data1\" content=\"1 minuto\" \/>\n<script type=\"application\/ld+json\" class=\"yoast-schema-graph\">{\"@context\":\"https:\/\/schema.org\",\"@graph\":[{\"@type\":\"WebPage\",\"@id\":\"https:\/\/fundacioimpuls.org\/es\/solicitud-de-ayuda-al-estudio-tarragona\/\",\"url\":\"https:\/\/fundacioimpuls.org\/es\/solicitud-de-ayuda-al-estudio-tarragona\/\",\"name\":\"Solicitud de ayuda al estudio - Tarragona - Fundaci\u00f3 Impuls\",\"isPartOf\":{\"@id\":\"https:\/\/fundacioimpuls.org\/#website\"},\"datePublished\":\"2023-03-17T14:58:38+00:00\",\"dateModified\":\"2024-04-25T09:24:04+00:00\",\"breadcrumb\":{\"@id\":\"https:\/\/fundacioimpuls.org\/es\/solicitud-de-ayuda-al-estudio-tarragona\/#breadcrumb\"},\"inLanguage\":\"es\",\"potentialAction\":[{\"@type\":\"ReadAction\",\"target\":[\"https:\/\/fundacioimpuls.org\/es\/solicitud-de-ayuda-al-estudio-tarragona\/\"]}]},{\"@type\":\"BreadcrumbList\",\"@id\":\"https:\/\/fundacioimpuls.org\/es\/solicitud-de-ayuda-al-estudio-tarragona\/#breadcrumb\",\"itemListElement\":[{\"@type\":\"ListItem\",\"position\":1,\"name\":\"Inici\",\"item\":\"https:\/\/fundacioimpuls.org\/es\/\"},{\"@type\":\"ListItem\",\"position\":2,\"name\":\"Solicitud de ayuda al estudio &#8211; Tarragona\"}]},{\"@type\":\"WebSite\",\"@id\":\"https:\/\/fundacioimpuls.org\/#website\",\"url\":\"https:\/\/fundacioimpuls.org\/\",\"name\":\"Fundaci\u00f3 Impuls\",\"description\":\"Impuls quiere contribuir a la mejora de la sociedad a trav\u00e9s de la investigaci\u00f3n en materia educativa, el reconocimiento al papel del profesorado y la cooperaci\u00f3n internacional con proyectos educativos en pa\u00edses en v\u00edas de desarrollo.\",\"publisher\":{\"@id\":\"https:\/\/fundacioimpuls.org\/#organization\"},\"potentialAction\":[{\"@type\":\"SearchAction\",\"target\":{\"@type\":\"EntryPoint\",\"urlTemplate\":\"https:\/\/fundacioimpuls.org\/?s={search_term_string}\"},\"query-input\":\"required name=search_term_string\"}],\"inLanguage\":\"es\"},{\"@type\":\"Organization\",\"@id\":\"https:\/\/fundacioimpuls.org\/#organization\",\"name\":\"Fundaci\u00f3 Impuls\",\"url\":\"https:\/\/fundacioimpuls.org\/\",\"logo\":{\"@type\":\"ImageObject\",\"inLanguage\":\"es\",\"@id\":\"https:\/\/fundacioimpuls.org\/#\/schema\/logo\/image\/\",\"url\":\"https:\/\/fundacioimpuls.org\/wp-content\/uploads\/2022\/05\/logo-impuls-1.jpg\",\"contentUrl\":\"https:\/\/fundacioimpuls.org\/wp-content\/uploads\/2022\/05\/logo-impuls-1.jpg\",\"width\":2012,\"height\":780,\"caption\":\"Fundaci\u00f3 Impuls\"},\"image\":{\"@id\":\"https:\/\/fundacioimpuls.org\/#\/schema\/logo\/image\/\"}}]}<\/script>\n<!-- \/ Yoast SEO plugin. -->","yoast_head_json":{"title":"Solicitud de ayuda al estudio - Tarragona - Fundaci\u00f3 Impuls","robots":{"index":"noindex","follow":"nofollow"},"og_locale":"es_ES","og_type":"article","og_title":"Solicitud de ayuda al estudio - Tarragona - Fundaci\u00f3 Impuls","og_description":"Solicitud de ayuda al estudio","og_url":"https:\/\/fundacioimpuls.org\/es\/solicitud-de-ayuda-al-estudio-tarragona\/","og_site_name":"Fundaci\u00f3 Impuls","article_modified_time":"2024-04-25T09:24:04+00:00","twitter_card":"summary_large_image","twitter_misc":{"Tiempo de lectura":"1 minuto"},"schema":{"@context":"https:\/\/schema.org","@graph":[{"@type":"WebPage","@id":"https:\/\/fundacioimpuls.org\/es\/solicitud-de-ayuda-al-estudio-tarragona\/","url":"https:\/\/fundacioimpuls.org\/es\/solicitud-de-ayuda-al-estudio-tarragona\/","name":"Solicitud de ayuda al estudio - Tarragona - Fundaci\u00f3 Impuls","isPartOf":{"@id":"https:\/\/fundacioimpuls.org\/#website"},"datePublished":"2023-03-17T14:58:38+00:00","dateModified":"2024-04-25T09:24:04+00:00","breadcrumb":{"@id":"https:\/\/fundacioimpuls.org\/es\/solicitud-de-ayuda-al-estudio-tarragona\/#breadcrumb"},"inLanguage":"es","potentialAction":[{"@type":"ReadAction","target":["https:\/\/fundacioimpuls.org\/es\/solicitud-de-ayuda-al-estudio-tarragona\/"]}]},{"@type":"BreadcrumbList","@id":"https:\/\/fundacioimpuls.org\/es\/solicitud-de-ayuda-al-estudio-tarragona\/#breadcrumb","itemListElement":[{"@type":"ListItem","position":1,"name":"Inici","item":"https:\/\/fundacioimpuls.org\/es\/"},{"@type":"ListItem","position":2,"name":"Solicitud de ayuda al estudio &#8211; Tarragona"}]},{"@type":"WebSite","@id":"https:\/\/fundacioimpuls.org\/#website","url":"https:\/\/fundacioimpuls.org\/","name":"Fundaci\u00f3 Impuls","description":"Impuls quiere contribuir a la mejora de la sociedad a trav\u00e9s de la investigaci\u00f3n en materia educativa, el reconocimiento al papel del profesorado y la cooperaci\u00f3n internacional con proyectos educativos en pa\u00edses en v\u00edas de desarrollo.","publisher":{"@id":"https:\/\/fundacioimpuls.org\/#organization"},"potentialAction":[{"@type":"SearchAction","target":{"@type":"EntryPoint","urlTemplate":"https:\/\/fundacioimpuls.org\/?s={search_term_string}"},"query-input":"required name=search_term_string"}],"inLanguage":"es"},{"@type":"Organization","@id":"https:\/\/fundacioimpuls.org\/#organization","name":"Fundaci\u00f3 Impuls","url":"https:\/\/fundacioimpuls.org\/","logo":{"@type":"ImageObject","inLanguage":"es","@id":"https:\/\/fundacioimpuls.org\/#\/schema\/logo\/image\/","url":"https:\/\/fundacioimpuls.org\/wp-content\/uploads\/2022\/05\/logo-impuls-1.jpg","contentUrl":"https:\/\/fundacioimpuls.org\/wp-content\/uploads\/2022\/05\/logo-impuls-1.jpg","width":2012,"height":780,"caption":"Fundaci\u00f3 Impuls"},"image":{"@id":"https:\/\/fundacioimpuls.org\/#\/schema\/logo\/image\/"}}]}},"_links":{"self":[{"href":"https:\/\/fundacioimpuls.org\/es\/wp-json\/wp\/v2\/pages\/2568"}],"collection":[{"href":"https:\/\/fundacioimpuls.org\/es\/wp-json\/wp\/v2\/pages"}],"about":[{"href":"https:\/\/fundacioimpuls.org\/es\/wp-json\/wp\/v2\/types\/page"}],"author":[{"embeddable":true,"href":"https:\/\/fundacioimpuls.org\/es\/wp-json\/wp\/v2\/users\/3"}],"replies":[{"embeddable":true,"href":"https:\/\/fundacioimpuls.org\/es\/wp-json\/wp\/v2\/comments?post=2568"}],"version-history":[{"count":1,"href":"https:\/\/fundacioimpuls.org\/es\/wp-json\/wp\/v2\/pages\/2568\/revisions"}],"predecessor-version":[{"id":2754,"href":"https:\/\/fundacioimpuls.org\/es\/wp-json\/wp\/v2\/pages\/2568\/revisions\/2754"}],"wp:attachment":[{"href":"https:\/\/fundacioimpuls.org\/es\/wp-json\/wp\/v2\/media?parent=2568"}],"curies":[{"name":"wp","href":"https:\/\/api.w.org\/{rel}","templated":true}]}}